{"id":1510,"date":"2021-02-24T12:03:24","date_gmt":"2021-02-24T11:03:24","guid":{"rendered":"https:\/\/www.scarlett-o.de\/sinneswandel\/?post_type=product&#038;p=1510"},"modified":"2021-02-24T16:03:53","modified_gmt":"2021-02-24T15:03:53","slug":"fast-mit-neid","status":"publish","type":"product","link":"https:\/\/www.scarlett-o.de\/sinneswandel\/shop\/fast-mit-neid\/","title":{"rendered":"Fast mit Neid"},"content":{"rendered":"<p>FAST MIT NEID<\/p>\n<p>Streichholzschachteln kann man stupide aufeinander stapeln &#8211; K\u00fcnstler aber bauen mit ihnen den Petersdom oder gleich ganz Rom. Die S\u00e4ngerin Scarlett O\u00b4 und Gitarrist \/ Produzent J\u00fcrgen Ehle erschaffen auf ihrer CD &#8222;Fast mit Neid&#8220; Kunstwerke von \u00e4hnlichem Detailreichtum: Mit Rasseln, Fl\u00f6ten, Tuten, Mandolinen und all dem, was in der Musikabteilung eines Spielwarenladens herumliegt. Verewigt werden diese handwerklichen Meisterst\u00fccke mit moderner Digitaltechnik: Audiophil aufgenommen, exzentrisch gemixt, plastisch klingend. Die Songvorlagen sind zum Teil selbst gefertigt, zum Teil eingekauft, zum Teil klassisch (von Konstantin Wecker und Gundermann bis zu Gautsch und Element of Crime) &#8211; v\u00f6llig egal. Scarlett O\u00b4s zeitlose Stimme, Ehles virtuose Gitarren, geisterhafte Ch\u00f6re, mensch-maschineske Klatscher, dr\u00e4uende Trommeln, lockende Fl\u00f6ten und keuchende Blasebalge zaubern einen akustischen M\u00e4rchenwald, in dem jedes Lied zur ewigen Wahrheit wird: \u00dcber die Liebe, die Welt, das Gras, den Herbst und den \u00d6dipuskomplex. Hier h\u00e4ngt der Hammer. &#8222;Fast mit Neid&#8220; ist ab sofort Bestandaufnahme, Nachschlagewerk und Ma\u00dfstab f\u00fcr alles, was mit deutschen Liedern zu tun hat.<\/p>\n<p>Matthias Binner, Januar 2004<\/p>\n<p>Das Album erhielt 2003 den Preis der Deutschen Schallplattenkritik<\/p>\n","protected":false},"excerpt":{"rendered":"<p>CD, Spielzeit ca. 60min, mit Scarlett O&#8216; &amp; J\u00fcrgen Ehle \u2117 2004<\/p>\n","protected":false},"featured_media":1516,"template":"","meta":{"jetpack_post_was_ever_published":false},"product_brand":[],"product_cat":[39],"product_tag":[],"class_list":{"0":"post-1510","1":"product","2":"type-product","3":"status-publish","4":"has-post-thumbnail","6":"product_cat-audio-cd","8":"first","9":"instock","10":"taxable","11":"shipping-taxable","12":"purchasable","13":"product-type-simple"},"jetpack_sharing_enabled":true,"_links":{"self":[{"href":"https:\/\/www.scarlett-o.de\/sinneswandel\/wp-json\/wp\/v2\/product\/1510","targetHints":{"allow":["GET"]}}],"collection":[{"href":"https:\/\/www.scarlett-o.de\/sinneswandel\/wp-json\/wp\/v2\/product"}],"about":[{"href":"https:\/\/www.scarlett-o.de\/sinneswandel\/wp-json\/wp\/v2\/types\/product"}],"wp:featuredmedia":[{"embeddable":true,"href":"https:\/\/www.scarlett-o.de\/sinneswandel\/wp-json\/wp\/v2\/media\/1516"}],"wp:attachment":[{"href":"https:\/\/www.scarlett-o.de\/sinneswandel\/wp-json\/wp\/v2\/media?parent=1510"}],"wp:term":[{"taxonomy":"product_brand","embeddable":true,"href":"https:\/\/www.scarlett-o.de\/sinneswandel\/wp-json\/wp\/v2\/product_brand?post=1510"},{"taxonomy":"product_cat","embeddable":true,"href":"https:\/\/www.scarlett-o.de\/sinneswandel\/wp-json\/wp\/v2\/product_cat?post=1510"},{"taxonomy":"product_tag","embeddable":true,"href":"https:\/\/www.scarlett-o.de\/sinneswandel\/wp-json\/wp\/v2\/product_tag?post=1510"}],"curies":[{"name":"wp","href":"https:\/\/api.w.org\/{rel}","templated":true}]}}