{"id":1505,"date":"2021-02-24T10:21:44","date_gmt":"2021-02-24T09:21:44","guid":{"rendered":"https:\/\/www.scarlett-o.de\/sinneswandel\/?post_type=product&#038;p=1505"},"modified":"2021-02-24T10:54:31","modified_gmt":"2021-02-24T09:54:31","slug":"gans-ohne-tannenbaum","status":"publish","type":"product","link":"https:\/\/www.scarlett-o.de\/sinneswandel\/shop\/gans-ohne-tannenbaum\/","title":{"rendered":"Gans ohne Tannenbaum"},"content":{"rendered":"<p>GANS OHNE TANNENBAUM<\/p>\n<p>Unterschiedlicher k\u00f6nnte die musikalische Herkunft des Musikerpaares nicht sein: Sie, S\u00e4ngerin, hat nach Kirchenmusik und Ausfl\u00fcgen ins Chanson eine der bekanntesten ostdeutschen Folkbands &#8211; WACHOLDER &#8211; mitbegr\u00fcndet und diese 23 Jahre, bis zur Aufl\u00f6sung im Januar 2001, wesentlich gepr\u00e4gt. Er, Gitarrist, Studiomusiker, Tonmeister, Film- und Theaterkomponist, war 1981 Gr\u00fcndungsmitglied und Kopf der Ostberliner Rockband PANKOW, die bis 1999 regelm\u00e4\u00dfig tourte und seither alle paar Jahre sporadisch zu zeitlich begrenzten Tourneen zusammenkommt. 1998 war EHLE Produzent der letzten WACHOLDER- und der ersten SCARLETT O&#8216;- CD und seit 2000 stehen sie mit mehreren verschiedenen Konzertabenden zusammen auf der B\u00fchne. In ihre Programme flie\u00dfen die musikalischen und inhaltlichen Erfahrungen und Vorlieben der beiden Musiker genauso ein wie eigene Texte und Kompositionen. Es geht vom Folksong \u00fcber Pop und Rock bis zur Arie, vom Schlaflied bis zur Filmmusik, die Themen von Liebeserkl\u00e4rungen bis zur Politik. Nach zwei weiteren CDs, die zweite gekr\u00f6nt mit einem Preis der Deutschen Schallplattenkritik, betreten sie nun mit ihrem j\u00fcngsten Werk &#8222;GANS OHNE TANNENBAUM&#8220; zum gleichnamigen Weihnachtsprogramm gleich zweimal Neuland. Zum einen besteht das Doppelalbum aus einer CD mit Liedern und einer H\u00f6rbuch-CD, zum anderen erscheint es im neugegr\u00fcndeten eigenen Label electrocadero. Auch in den Liedern dieser neuen CD klingen deutlich die musikalischen Wurzeln beider Musiker durch. So findet Ehles rockige E-Gitarre genauso selbstverst\u00e4ndlich ihren Platz wie Scarletts teilweise sehr folkiger Gesang, ohne zur Masche zu werden. S\u00e4mtliche Instrumente &#8211; bis auf ein Piano, das der Musikerkollege Matthias Banner beigesteuert hat &#8211; haben sie selbst eingespielt. Bei 4 der 16 Lieder verst\u00e4rkt Scarletts Tochter Rebekka, die auch live ab und an als Gast dabei ist, die Gesangss\u00e4tze. Die Titel selbst: bekannte und eigens geschriebene, sowohl traditionelle, kirchliche als auch nichtreligi\u00f6se, deutsche und internationale. Einige Texte schrieben gute Freunde und langj\u00e4hrige Wegbegleiter &#8211; Ken Hunt, Gerd Heger, Frank Viehweg &#8211; und Scarlett O&#8216; selbst, die sich, was die Nachdichtungen angeht, meist eher weniger ans Original h\u00e4lt. Die Kompositionen der neuen Lieder sind gemeinsam entstanden oder stammen von J\u00fcrgen Ehle, der auch alles arrangiert und produziert, sowie das Booklet (Fotos: J. Ian Turner, Santosh Sidhu) gestaltet hat. Mit dabei das russische &#8218;Jolotschka&#8216;, das franz\u00f6sische &#8218;Petit Papa No\u00ebl&#8216;, das italienische &#8218;Tu scendi dalle stelle&#8216; im Original oder nachgedichtet oder beides. Die Reise geht nach Schweden, England, Amerika, Kuba &#8230;&#8230; \u00fcberall ist manchmal Weihnachten.<br \/>\n\u00c4hnlich gemischt sind auch die auf dem H\u00f6rbuch gelesenen Geschichten: Da findet sich Neues vom &#8222;alten&#8220; Freund Steffen Mensching, der f\u00fcr Programm und CD die Titel-Gans beigesteuert hat. Da sind im Internet aufgest\u00f6berte Texte unbekannter Autoren zu h\u00f6ren. Da gibt es Weihnachtsgeschichten von Brecht, B\u00f6ll, Babbitt und Eco, die doch sehr von der \u00fcblichen S\u00fc\u00dfe abweichen, stellenweise ziemlich hart und direkt sind. Man sollte nicht erwarten, da\u00df sich einem alle Texte der Lieder und Geschichten sofort eins zu eins erschlie\u00dfen. SCARLETT O&#8216; liebt Doppelb\u00f6digkeit. Sie mag es, auch alte Texte zu &#8222;drehen&#8220;, zu hinterfragen, neu zu interpretieren, ohne sie zu verbiegen oder gar zu Comedy verkommen zu lassen. Wichtig sind ihr Inhalte, und da\u00df der H\u00f6rer gefordert und manchmal auch provoziert wird, &#8211; auf alle F\u00e4lle dazu, sich die CD mehrmals anzuh\u00f6ren. Was man aber unbedingt erwarten darf, ist eine Ehrlichkeit der Stimme und der Musik. Beide Musiker hassen Maschen und Verstellungen und sind in jeder Beziehung ungek\u00fcnstelt. Sind die einzelnen Songs vom Stil her auch sehr unterschiedlich, ergibt sich doch durch diese Herangehensweise ein Produkt wie aus einem Gu\u00df. Es ist eine sehr weltliche Weihnachts-CD und trotzdem oder gerade deshalb sehr nah am christlichen Ursprung. Egal, ob \u00fcberhaupt und wenn, welcher Religion, man angeh\u00f6rt. Letztlich sind es die Werte, die wichtig sind, die menschlichen, die &#8222;Lebens-Werte&#8220; &#8211; und das kann man deutlich h\u00f6ren.<\/p>\n","protected":false},"excerpt":{"rendered":"<p>Doppel-CD, Spielzeit ca. 2h:18min, mit Scarlett O&#8216; &amp; J\u00fcrgen Ehle \u2117 2005<\/p>\n","protected":false},"featured_media":1506,"template":"","meta":{"jetpack_post_was_ever_published":false},"product_brand":[],"product_cat":[39],"product_tag":[],"class_list":{"0":"post-1505","1":"product","2":"type-product","3":"status-publish","4":"has-post-thumbnail","6":"product_cat-audio-cd","8":"first","9":"instock","10":"taxable","11":"shipping-taxable","12":"purchasable","13":"product-type-simple"},"jetpack_sharing_enabled":true,"_links":{"self":[{"href":"https:\/\/www.scarlett-o.de\/sinneswandel\/wp-json\/wp\/v2\/product\/1505","targetHints":{"allow":["GET"]}}],"collection":[{"href":"https:\/\/www.scarlett-o.de\/sinneswandel\/wp-json\/wp\/v2\/product"}],"about":[{"href":"https:\/\/www.scarlett-o.de\/sinneswandel\/wp-json\/wp\/v2\/types\/product"}],"wp:featuredmedia":[{"embeddable":true,"href":"https:\/\/www.scarlett-o.de\/sinneswandel\/wp-json\/wp\/v2\/media\/1506"}],"wp:attachment":[{"href":"https:\/\/www.scarlett-o.de\/sinneswandel\/wp-json\/wp\/v2\/media?parent=1505"}],"wp:term":[{"taxonomy":"product_brand","embeddable":true,"href":"https:\/\/www.scarlett-o.de\/sinneswandel\/wp-json\/wp\/v2\/product_brand?post=1505"},{"taxonomy":"product_cat","embeddable":true,"href":"https:\/\/www.scarlett-o.de\/sinneswandel\/wp-json\/wp\/v2\/product_cat?post=1505"},{"taxonomy":"product_tag","embeddable":true,"href":"https:\/\/www.scarlett-o.de\/sinneswandel\/wp-json\/wp\/v2\/product_tag?post=1505"}],"curies":[{"name":"wp","href":"https:\/\/api.w.org\/{rel}","templated":true}]}}