{"id":1502,"date":"2021-02-24T09:00:21","date_gmt":"2021-02-24T08:00:21","guid":{"rendered":"https:\/\/www.scarlett-o.de\/sinneswandel\/?post_type=product&#038;p=1502"},"modified":"2021-02-24T10:57:42","modified_gmt":"2021-02-24T09:57:42","slug":"fifty-fifty","status":"publish","type":"product","link":"https:\/\/www.scarlett-o.de\/sinneswandel\/shop\/fifty-fifty\/","title":{"rendered":"Fifty Fifty"},"content":{"rendered":"<p>FIFTY FIFTY<\/p>\n<p>hei\u00dft die CD. Es meint nicht halbe-halbe, nichts Geteiltes; es meint ein Und, eine Bilanz zweier halber Leben. Da\u00df f\u00fcnfzig die H\u00e4lfte eines Lebens, ist nat\u00fcrlich hoffnungslos optimistisch gedacht; aber soviel mu\u00df man schon wollen, soll es nicht ab jetzt auf der Couch vor der Glotze dem Ende zugehen. Scarlett O&#8216; und J\u00fcrgen Ehle \u00fcberschritten just diese magische Schwelle, nahmen sie federleicht und ein wenig kokett. Und das ist die \u00dcberraschung: eigentlich ist ihnen der Rummel schnurz. Aber so recht ungenutzt vergehen lassen wollen sie den Anla\u00df nicht, von wegen Jahrestagseffekt und machen also keine halben Sachen, sondern eine ganze neue CD und ein neues Programm. K\u00f6nnte man ein Programm beschreiben, br\u00e4uchte man es nicht mehr zu spielen. Aber soviel soll versucht werden: Obwohl die Lieder anders hei\u00dfen, singen sie von Gewinn und Verlust, von Abschieden und Neuanf\u00e4ngen und von der Sehnsucht, die man nie befriedigt; sie singen von all den Dingen zwischen Mensch und Mensch, die allt\u00e4glich und allgegenw\u00e4rtig seit immer bis ewig. Die Lieder haben es faustdick hinter den Ohren. Sie kommen \u00f6fter leise als laut daher und lassen so schnell nicht mehr los. In besseren Kreisen spricht man in einem solchen Fall von Nachhaltigkeit. Scarlett und J\u00fcrgen sie sind nicht mehr so ungest\u00fcm wie bei Wacholder und Pankow, sie lassen es zuweilen sogar mit einem bissel Gelassenheit angehen, haben eher ein Zwinkern in den Augen als die gro\u00dfberliner Klappe. Sie leben ihr normal verr\u00fccktes Leben und machen daraus Poesie. Bilanz impliziert Buchhaltung, die aber wird mit gutem Geschmack umgangen; kein ab- und kein aufrechnen, schon gar keine Milchm\u00e4dchenrechnung. Solcherart Darbietungen \u00fcberlassen sie getrost den Schaumschl\u00e4gern. Wenn nur zwei auf der B\u00fchne oder auf einer Scheibe zu h\u00f6ren sind, besteht die Gefahr, da\u00df es langweilig wird. Sie umgehen diese Falle, indem sie auf Vielstimmigkeit im Text setzen. F\u00fcr das neue Album gedichtet haben Werner Karma, Frank Viehweg, Gerd P\u00fcschel und Scarlett O&#8216; selbst. Das Einmannorchester J\u00fcrgen Ehle komponierte fast alles und bringt mehr musikalische Farben und mehr instrumentales K\u00f6nnen in knapp zwei Stunden Programm auf die B\u00fchne, als die meisten Radiosender in ihrem ganzen Leben. Sollte es sie nicht auf den Pl\u00e4tzen halten, so wird Scarlett O&#8216; sie mit ihrem Temperament angesteckt haben; sie hat mit \u2014 Verzeihung: man verr\u00e4t nicht das Alter einer Dame, auch wenn sie es selbst zum Programm erhebt \u2014 sie hat mehr Feuer im Blut als die zw\u00f6lfte Klasse eines Lyzeums.<\/p>\n<p>Thomas Bruhn, Juli 2008<\/p>\n","protected":false},"excerpt":{"rendered":"<p>CD, Spielzeit ca. 60min, mit Scarlett O&#8216; &amp; J\u00fcrgen Ehle \u2117 2008<\/p>\n","protected":false},"featured_media":1503,"template":"","meta":{"jetpack_post_was_ever_published":false},"product_brand":[],"product_cat":[39],"product_tag":[],"class_list":{"0":"post-1502","1":"product","2":"type-product","3":"status-publish","4":"has-post-thumbnail","6":"product_cat-audio-cd","8":"first","9":"instock","10":"taxable","11":"shipping-taxable","12":"purchasable","13":"product-type-simple"},"jetpack_sharing_enabled":true,"_links":{"self":[{"href":"https:\/\/www.scarlett-o.de\/sinneswandel\/wp-json\/wp\/v2\/product\/1502","targetHints":{"allow":["GET"]}}],"collection":[{"href":"https:\/\/www.scarlett-o.de\/sinneswandel\/wp-json\/wp\/v2\/product"}],"about":[{"href":"https:\/\/www.scarlett-o.de\/sinneswandel\/wp-json\/wp\/v2\/types\/product"}],"wp:featuredmedia":[{"embeddable":true,"href":"https:\/\/www.scarlett-o.de\/sinneswandel\/wp-json\/wp\/v2\/media\/1503"}],"wp:attachment":[{"href":"https:\/\/www.scarlett-o.de\/sinneswandel\/wp-json\/wp\/v2\/media?parent=1502"}],"wp:term":[{"taxonomy":"product_brand","embeddable":true,"href":"https:\/\/www.scarlett-o.de\/sinneswandel\/wp-json\/wp\/v2\/product_brand?post=1502"},{"taxonomy":"product_cat","embeddable":true,"href":"https:\/\/www.scarlett-o.de\/sinneswandel\/wp-json\/wp\/v2\/product_cat?post=1502"},{"taxonomy":"product_tag","embeddable":true,"href":"https:\/\/www.scarlett-o.de\/sinneswandel\/wp-json\/wp\/v2\/product_tag?post=1502"}],"curies":[{"name":"wp","href":"https:\/\/api.w.org\/{rel}","templated":true}]}}