{"id":1499,"date":"2021-02-24T08:23:19","date_gmt":"2021-02-24T07:23:19","guid":{"rendered":"https:\/\/www.scarlett-o.de\/sinneswandel\/?post_type=product&#038;p=1499"},"modified":"2021-11-05T17:36:47","modified_gmt":"2021-11-05T16:36:47","slug":"nachthexen-live","status":"publish","type":"product","link":"https:\/\/www.scarlett-o.de\/sinneswandel\/shop\/nachthexen-live\/","title":{"rendered":"Nachthexen &#8211; live 2014"},"content":{"rendered":"<p>NACHTHEXEN<\/p>\n<p>Was haben Camembert, Wegwerfwindeln, Melitta Kaffeefilter und sowjetische Doppeldecker gemeinsam? Es stecken Frauen dahinter, sehr besondere Frauen. NACHTHEXEN &#8211; die Live-Doppel-CD zum aktuellen Programm von Scarlett O&#8216; &amp; Dunja Averdung mit erz\u00e4hlten und gesungenen Geschichten von Frauen, die die Welt bewegten. Eine wilde musikalische Reise um die Welt und durch die Zeiten, von Prinzessinnen, Pilotinnen \u00fcber Erfinderinnen bis hin zu Tamara Danz.<br \/>\nZwei starke Weiberstimmen &#8211; Scarlett O&#8216; &amp; Dunja Averdung, die es genie\u00dfen, ihrem Affen Zucker zu geben; sie singen einstimmig und im Duett, zart und derb, laut und leise, eindringlich und zutiefst ber\u00fchrend oder frech auf den Putz hauend, schmachten und schmettern, immer mit sichtlichem Vergn\u00fcgen;<br \/>\nbegleitet von instrumentalen Hexenmeistern &#8211; J\u00fcrgen Ehle &amp; J\u00f6rg Nassler, Vollblutmusikanten, die das vielf\u00e4ltige Material mit Akkuratesse meistern und sich in jedem Genre &#8211; vom Rock \u00fcber den Folk bis zur Klassik &#8211; mit Leichtigkeit bewegen. Unaufdringlich, erhellend, bildend, komisch, wunderbar unterhaltend &#8211; ein Album, das ber\u00fchrt und unter die Haut geht.<\/p>\n<p>&nbsp;<\/p>\n","protected":false},"excerpt":{"rendered":"<p>Doppel-CD, Spielzeit ca. 2h, mit Dunja Averdung, Scarlett O&#8216;, J\u00f6rg Nassler und J\u00fcrgen Ehle \u2117 2014<\/p>\n","protected":false},"featured_media":1500,"template":"","meta":{"jetpack_post_was_ever_published":false},"product_brand":[],"product_cat":[39],"product_tag":[],"class_list":{"0":"post-1499","1":"product","2":"type-product","3":"status-publish","4":"has-post-thumbnail","6":"product_cat-audio-cd","8":"first","9":"instock","10":"taxable","11":"shipping-taxable","12":"purchasable","13":"product-type-simple"},"jetpack_sharing_enabled":true,"_links":{"self":[{"href":"https:\/\/www.scarlett-o.de\/sinneswandel\/wp-json\/wp\/v2\/product\/1499","targetHints":{"allow":["GET"]}}],"collection":[{"href":"https:\/\/www.scarlett-o.de\/sinneswandel\/wp-json\/wp\/v2\/product"}],"about":[{"href":"https:\/\/www.scarlett-o.de\/sinneswandel\/wp-json\/wp\/v2\/types\/product"}],"wp:featuredmedia":[{"embeddable":true,"href":"https:\/\/www.scarlett-o.de\/sinneswandel\/wp-json\/wp\/v2\/media\/1500"}],"wp:attachment":[{"href":"https:\/\/www.scarlett-o.de\/sinneswandel\/wp-json\/wp\/v2\/media?parent=1499"}],"wp:term":[{"taxonomy":"product_brand","embeddable":true,"href":"https:\/\/www.scarlett-o.de\/sinneswandel\/wp-json\/wp\/v2\/product_brand?post=1499"},{"taxonomy":"product_cat","embeddable":true,"href":"https:\/\/www.scarlett-o.de\/sinneswandel\/wp-json\/wp\/v2\/product_cat?post=1499"},{"taxonomy":"product_tag","embeddable":true,"href":"https:\/\/www.scarlett-o.de\/sinneswandel\/wp-json\/wp\/v2\/product_tag?post=1499"}],"curies":[{"name":"wp","href":"https:\/\/api.w.org\/{rel}","templated":true}]}}