{"id":1447,"date":"2021-02-23T07:13:55","date_gmt":"2021-02-23T06:13:55","guid":{"rendered":"https:\/\/www.scarlett-o.de\/sinneswandel\/?post_type=product&#038;p=1447"},"modified":"2021-02-24T10:55:10","modified_gmt":"2021-02-24T09:55:10","slug":"ob-du-mich-lieb-hast-ueber-emilie-fontane-1824-1902","status":"publish","type":"product","link":"https:\/\/www.scarlett-o.de\/sinneswandel\/shop\/ob-du-mich-lieb-hast-ueber-emilie-fontane-1824-1902\/","title":{"rendered":"&#8230; ob Du mich lieb hast?"},"content":{"rendered":"<p><strong> &#8230;\u00fcber Emilie Fontane (1824 &#8211; 1902)<\/strong><\/p>\n<p>EMILIE FONTANE war f\u00fcr ihre Zeit und auf ihre Art ungew\u00f6hnlich emanzipiert &#8211; gezwungenerma\u00dfen selbstst\u00e4ndig, denn w\u00e4hrend ihr &#8222;HerzensTheo&#8220; tage-, wochen-, sogar jahrelang beruflich auf Reisen, Wanderungen, gar im Gef\u00e4ngnis und damit h\u00e4uslichem Trouble entronnen war und mit Abwesenheit gl\u00e4nzte, hatte die Daheimgebliebene alles allein durchzustehen. So brachte sie zwischen 1851 und 1864 sieben Kinder auf die Welt, von denen 3 starben; stemmte trotz Geldknappheit das gesamte Familienleben; mu\u00dfte wegen Geldknappheit diverse Male mit dem ganzen Tross umziehen oder sogar bei Bekannten und Verwandten unterkommen. Ganz nebenbei schrieb sie des Dichters Manuskripte ins Reine und war ihm Kritikerin und Beraterin.<br \/>\nDer &#8211; Dank beider Schreibfreude &#8211; rege, lebenslange Briefwechsel w\u00e4hrend Theodors Reisen, gew\u00e4hrt aufschlu\u00dfreiche Einblicke in den Alltag und auch die W\u00fcnsche und Sehns\u00fcchte beider Eheleute. Zum Gl\u00fcck f\u00fcr B\u00fchne und Unterhaltung ging es manchmal auch ziemlich heftig zur Sache &#8230;<br \/>\nDer 200. Geburtstag des &#8222;Herzensmannes&#8220; der EMILIE FONTANE wird 2019 allenthalben gefeiert, auch und vor allem in den Orten, die er einst f\u00fcr seine &#8222;Wanderungen durch die Mark Brandenburg&#8220; durchquerte. Die Besch\u00e4ftigung mit den Eheleuten FONTANE liegt f\u00fcr SCARLETT O&#8216; sehr nahe, stammt sie doch aus jenem Buckow in der M\u00e4rkischen Schweiz, dessen Stra\u00dfenpflaster er als &#8222;lebensgef\u00e4hrlich&#8220; beschrieb:<br \/>\n&#8222;Es weckt mit seiner hals- und wagenbrechenden Passage die Vorstellung, als wohnten nur Schmiede und Chirurgen in der Stadt, die schlie\u00dflich auch leben wollen.&#8220; Ob sich seither viel ge\u00e4ndert hat, verschweigt der S\u00e4ngerin H\u00f6flichkeit &#8211; einstweilen.<br \/>\nSCARLETT O&#8216; singt, spielt und erz\u00e4hlt sich in ihrem Programm durch das Leben der EMILIE FONTANE, hat eigens Gedichte von Theodor vertont und verschafft mit ihrer ausdrucksstarken und wandelbaren Stimme der Dichtergef\u00e4hrtin das wohlverdiente Geh\u00f6r.<\/p>\n","protected":false},"excerpt":{"rendered":"<p>Doppel-CD, Spielzeit ca. 1h:55min, mit Scarlett O&#8216;, \u2117 2020<\/p>\n","protected":false},"featured_media":1490,"template":"","meta":{"jetpack_post_was_ever_published":false},"product_brand":[],"product_cat":[39],"product_tag":[],"class_list":{"0":"post-1447","1":"product","2":"type-product","3":"status-publish","4":"has-post-thumbnail","6":"product_cat-audio-cd","8":"first","9":"instock","10":"taxable","11":"shipping-taxable","12":"purchasable","13":"product-type-simple"},"jetpack_sharing_enabled":true,"_links":{"self":[{"href":"https:\/\/www.scarlett-o.de\/sinneswandel\/wp-json\/wp\/v2\/product\/1447","targetHints":{"allow":["GET"]}}],"collection":[{"href":"https:\/\/www.scarlett-o.de\/sinneswandel\/wp-json\/wp\/v2\/product"}],"about":[{"href":"https:\/\/www.scarlett-o.de\/sinneswandel\/wp-json\/wp\/v2\/types\/product"}],"wp:featuredmedia":[{"embeddable":true,"href":"https:\/\/www.scarlett-o.de\/sinneswandel\/wp-json\/wp\/v2\/media\/1490"}],"wp:attachment":[{"href":"https:\/\/www.scarlett-o.de\/sinneswandel\/wp-json\/wp\/v2\/media?parent=1447"}],"wp:term":[{"taxonomy":"product_brand","embeddable":true,"href":"https:\/\/www.scarlett-o.de\/sinneswandel\/wp-json\/wp\/v2\/product_brand?post=1447"},{"taxonomy":"product_cat","embeddable":true,"href":"https:\/\/www.scarlett-o.de\/sinneswandel\/wp-json\/wp\/v2\/product_cat?post=1447"},{"taxonomy":"product_tag","embeddable":true,"href":"https:\/\/www.scarlett-o.de\/sinneswandel\/wp-json\/wp\/v2\/product_tag?post=1447"}],"curies":[{"name":"wp","href":"https:\/\/api.w.org\/{rel}","templated":true}]}}