{"id":80,"date":"2016-01-25T15:32:07","date_gmt":"2016-01-25T14:32:07","guid":{"rendered":"http:\/\/www.scarlett-o.de\/sinneswandel\/?page_id=80"},"modified":"2024-09-20T09:31:00","modified_gmt":"2024-09-20T07:31:00","slug":"hausschuh-konzerte","status":"publish","type":"page","link":"https:\/\/www.scarlett-o.de\/sinneswandel\/hausschuh-konzerte\/","title":{"rendered":"Hausschuh-Konzerte"},"content":{"rendered":"<div class=\"page\" title=\"Page 1\">\n<div class=\"layoutArea\">\n<div class=\"column\">\n<div class=\"page\" title=\"Page 1\">\n<div class=\"layoutArea\">\n<div class=\"column\">\n<p>Liebenhof 12<br \/>15345 Garzau-Garzin OT Liebenhof<\/p>\n<p>Die HAUSSCHUH-Konzert-Saison 2024\/25 startet am 23.11.2024 mit meinem Soloabend:<\/p>\n<p><span style=\"font-size: large;\"><b>EMILIE FONTANE &#8211; &#8230; ob Du mich lieb hast? <br \/>&#8211; vom ungewollten Kind zur Dichtergattin <br \/>&#8211; ein Lieder- und Geschichtenabend \u00fcber das unglaubliche Leben einer besonderen Frau<br \/><\/b><\/span><\/p>\n<p>Quasi die Nachfeier zu ihrem 200. Geburtstag am 14. November 2024 und h\u00f6chstwahrscheinlich auch die letztmalige Auff\u00fchrung des Programms.<\/p>\n<p>S. O&#8216;<\/p>\n<p>***********************<\/p>\n<p>F\u00fcr die Saison 2023\/24 stehen die Termine schon fest. Starten werden wir am 04.11.23 mit BEN SANDS aus Nordirland.<\/p>\n<\/div>\n<div class=\"column\">\n<p>***********************<\/p>\n<p>Im Winter 2022\/23 wird es leider keine HAUSSCHUH-Konzerte geben.<\/p>\n<p>***********************<\/p>\n<\/div>\n<\/div>\n<\/div>\n<\/div>\n<\/div>\n<\/div>\n<p>\u00a0\u00a0\u00a0\u00a0\u00a0\u00a0\u00a0\u00a0\u00a0\u00a0\u00a0\u00a0\u00a0\u00a0\u00a0\u00a0\u00a0\u00a0\u00a0\u00a0\u00a0 <strong>!!!\u00a0 Winter 2021\/22\u00a0 !!!<\/strong><\/p>\n<p><strong>\u00a0\u00a0\u00a0\u00a0\u00a0\u00a0\u00a0\u00a0\u00a0\u00a0\u00a0\u00a0\u00a0\u00a0\u00a0\u00a0\u00a0\u00a0\u00a0\u00a0\u00a0\u00a0 SINNESWANDEL AUF ACHSE <\/strong><\/p>\n<p>Im vergangenen Jahr hoffnungsvoll gestartet und immerhin von 10 geplanten ein ganzes Konzert am 01.11.20 ausverkauft und veranstaltet &#8211; und dann kam der Lockdown.<\/p>\n<p>Wir lassen uns nicht beirren und versuchen es wieder. Und da auch in diesem Jahr unsere Wohnstube f\u00fcr HAUSSCHUH-KONZERTE auf Abstand zu klein ist, wird der SINNESWANDEL erneut AUF ACHSE sein.<\/p>\n<p>Wir gehen wieder nach <strong>15377 Buckow<\/strong> und bespielen den Saal des<br \/><strong>Restaurants &amp; Hotels M\u00c4RKISCHE SCHWEIZ <\/strong><strong>in der Hauptstr. 73<\/strong><strong>. <\/strong><\/p>\n<p>Unsere Veranstaltungen von SINNESWANDEL AUF ACHSE laufen nach der sog. 3G-Regel, also geimpft, genesen, getestet. Ungeimpfte ben\u00f6tigen neben dem Testnachweis ein Personaldokument. Der Testnachweis entf\u00e4llt, wenn die Sieben-Tage-Inzidenz im Landkreis mind. f\u00fcnf Tage vor der Veranstaltung ununterbrochen unter 20 lag.<\/p>\n<p>Es besteht Maskenpflicht (FFP2 oder medizinische), die k\u00f6nnen am Sitzplatz abgenommen werden.<\/p>\n<p>Wir werden im Saal, je nachdem, ob das Publikum paarweise, allein oder im Familienverband sitzen wird, ca. 48-50 Sitzpl\u00e4tze auf den vorgeschriebenen Abstand stellen k\u00f6nnen. F\u00fcr Rollst\u00fchle ist eine barrierefreie Einfahrt \u00fcber die T\u00fcr zum\/vom Hof m\u00f6glich.<\/p>\n<p>Ein paar kleine Ver\u00e4nderungen im Prozedere werden wir vornehmen, um vor Ort keine Schlangenbildung usw. zu haben &#8211; ihr wi\u00dft schon, die Abst\u00e4nde. Wie immer bitte <strong>unbedingt vorbestellen<\/strong> und es wird &#8211; bei uns sonst un\u00fcblich &#8211; um <strong>Vorkasse<\/strong> gebeten, also \u00dcberweisung vor dem Konzert.<\/p>\n<p>Den zu erbringenden <strong>Kontaktnachweis<\/strong> (email-Adresse oder Postanschrift) erfassen wir schon bei der Vorbestellung, so da\u00df der Einla\u00df in den Saal (ab 20 min vor Beginn) z\u00fcgig ablaufen kann.<\/p>\n<p>Wir werden jemanden am Einla\u00df haben, der ein H\u00e4kchen auf die Liste setzt und euch Wege und die Pl\u00e4tze zeigt, die wir vorher je nach Vorbestellung zusammen- oder auseinanderstellen und namentlich reservieren. Aber es soll nicht kassiert werden, um die Kontakte zu minimieren und damit niemand warten und vielleicht noch frieren mu\u00df. Aufenthalt vor der Veranstaltung sowie in der Pause, w\u00e4hrend der Saal gel\u00fcftet wird, ist in der Gastst\u00e4tte m\u00f6glich.<br \/><strong><br \/>Kartenvorbestellung<\/strong> wie immer entweder hier direkt \u00fcber <strong>VERANSTALTUNGEN<\/strong> oder per eMail: <strong>scarlett@scarlett-o.de<\/strong> oder Tel: <strong>0173 567 13 14. <\/strong><\/p>\n<p>Das <strong>Restaurant<\/strong> des Hauses wird normal ge\u00f6ffnet sein, man kann sich also vor oder nach dem Konzert Kaffee, Kuchen und anderen Gen\u00fcssen hingeben.\u00a0<br \/>Wenn man sich dazu entschlie\u00dft, ist es auch hier <strong>unbedingt<\/strong> n\u00f6tig, dies\u00a0 <strong>vorher anzumelden (Tel. Restaurant: 033433 464) <\/strong>damit die Chefin alles lenken und leiten kann.\u00a0<\/p>\n<p>***\u00a0\u00a0 ***\u00a0\u00a0 ***\u00a0\u00a0 ***\u00a0\u00a0 ***<\/p>\n<p>2015<\/p>\n<p>Ein gro\u00dfer Schritt f\u00fcr uns und unser Projekt <strong>SINNESWANDEL<\/strong><br \/>ist gewagt, getan und gegl\u00fcckt:<\/p>\n<p>Am 01. November 2015 gab es im Hause O&#8216; &amp; EHLE eine <strong>MEHRFACHPREMIERE<\/strong>.<br \/>&#8222;Im Hause&#8220; ist w\u00f6rtlich zu nehmen:<\/p>\n<p>Wir haben <strong>zum ersten Mal<\/strong> unser Haus f\u00fcr&#8217;s Publikum ge\u00f6ffnet, die Wohnzimmerb\u00fchne eingeweiht und gleichzeitig mit einem nigelnagelneuen Programm unsere Konzertreihe <strong>HAUSSCHUH-KONZERTE<\/strong> gestartet:<\/p>\n<p><strong> SHERLOCK HOLMES &amp; der rote L\u00f6we<\/strong><br \/>von Wolfgang Sch\u00fcler<br \/>mit Liedern von Scarlett O&#8216; &amp; Instrumentalmusik von J\u00fcrgen Ehle<br \/>&#8211; eine Mischung aus Lesung und Konzert<br \/>&#8211; ein Krimi-Mini-Musical f\u00fcr spielende S\u00e4ngerin und Einmann-Orchester.<\/p>\n<p>Die Premiere war prall gef\u00fcllt, unsere 42 Pl\u00e4tze mu\u00dften f\u00fcr zus\u00e4tzliche Sitzm\u00f6bel zusammenr\u00fccken, und auch bei allen bisher folgenden Konzerten\/Lesungen konnten wir \u00fcber Besuchermangel nicht klagen.<\/p>\n<p>Die HAUSSCHUH-KONZERTE &#8211; der Name ist Programm &#8211; werden k\u00fcnftig immer in der dunkleren Jahresh\u00e4lfte, ca. Ende Oktober bis April, stattfinden.<br \/>Es sollen in der Hauptsache unsere eigenen (Duo, maximal Trio &#8211; viel mehr pa\u00dft nicht auf die B\u00fchne) Programme aufgef\u00fchrt werden.<br \/>Ab und an wird es auch Konzerte\/ Lesungen von befreundeten Kollegen geben, deren Programme wir besonders gut finden und m\u00f6gen, und mit denen wir in unseren jeweils \u00fcber 40 B\u00fchnenjahren in dem einen oder anderen Projekt gemeinsam gearbeitet haben. Das waren nicht wenige, die Wunschliste ist lang.<\/p>\n<p>Was wir bisher aufgef\u00fchrt haben und wie der Plan f\u00fcr die kommenden Monate aussieht, findet Ihr unter <em>Veranstaltungen<\/em>.<\/p>\n<p>Ein paar Impressionen\/Fotos siehe <em>Bilder<\/em>.<\/p>\n<p>Da der Platz bei den HAUSSCHUH-KONZERTEN begrenzt ist, sollte<br \/>unbedingt vorbestellt werden, telefonisch oder <a href=\"http:\/\/www.scarlett-o.de\/sinneswandel\/vorbestellungen\/\">per mail<\/a> &#8211;<\/p>\n<p>und bitte die Hausschuhe nicht vergessen!<\/p>\n<p>SINNESWANDEL<br \/>Liebenhof 12<br \/>15345 Garzau-Garzin<br \/>OT Liebenhof<br \/>0173 567 13 14<\/p>\n\n\n<p><\/p>\n","protected":false},"excerpt":{"rendered":"<p>Liebenhof 1215345 Garzau-Garzin OT Liebenhof Die HAUSSCHUH-Konzert-Saison 2024\/25 startet am 23.11.2024 mit meinem Soloabend: EMILIE FONTANE &#8211; &#8230; ob Du mich lieb hast? &#8211; vom ungewollten Kind zur Dichtergattin &#8211; &hellip; <a href=\"https:\/\/www.scarlett-o.de\/sinneswandel\/hausschuh-konzerte\/\" class=\"more-link\"><span class=\"screen-reader-text\">Hausschuh-Konzerte<\/span> weiterlesen<\/a><\/p>\n","protected":false},"author":1,"featured_media":0,"parent":0,"menu_order":0,"comment_status":"closed","ping_status":"closed","template":"","meta":{"jetpack_post_was_ever_published":false,"footnotes":""},"class_list":["post-80","page","type-page","status-publish","hentry"],"jetpack_shortlink":"https:\/\/wp.me\/P7bAW9-1i","jetpack_sharing_enabled":true,"_links":{"self":[{"href":"https:\/\/www.scarlett-o.de\/sinneswandel\/wp-json\/wp\/v2\/pages\/80","targetHints":{"allow":["GET"]}}],"collection":[{"href":"https:\/\/www.scarlett-o.de\/sinneswandel\/wp-json\/wp\/v2\/pages"}],"about":[{"href":"https:\/\/www.scarlett-o.de\/sinneswandel\/wp-json\/wp\/v2\/types\/page"}],"author":[{"embeddable":true,"href":"https:\/\/www.scarlett-o.de\/sinneswandel\/wp-json\/wp\/v2\/users\/1"}],"replies":[{"embeddable":true,"href":"https:\/\/www.scarlett-o.de\/sinneswandel\/wp-json\/wp\/v2\/comments?post=80"}],"version-history":[{"count":34,"href":"https:\/\/www.scarlett-o.de\/sinneswandel\/wp-json\/wp\/v2\/pages\/80\/revisions"}],"predecessor-version":[{"id":2255,"href":"https:\/\/www.scarlett-o.de\/sinneswandel\/wp-json\/wp\/v2\/pages\/80\/revisions\/2255"}],"wp:attachment":[{"href":"https:\/\/www.scarlett-o.de\/sinneswandel\/wp-json\/wp\/v2\/media?parent=80"}],"curies":[{"name":"wp","href":"https:\/\/api.w.org\/{rel}","templated":true}]}}