{"id":342,"date":"2016-06-21T09:59:12","date_gmt":"2016-06-21T07:59:12","guid":{"rendered":"http:\/\/www.scarlett-o.de\/sinneswandel\/?page_id=342"},"modified":"2024-03-13T14:56:17","modified_gmt":"2024-03-13T13:56:17","slug":"garten-konzerte-im-weidendom-mit-anschliessendem-sternegucken-in-der-sternwarte-liebenhof","status":"publish","type":"page","link":"https:\/\/www.scarlett-o.de\/sinneswandel\/garten-konzerte-im-weidendom-mit-anschliessendem-sternegucken-in-der-sternwarte-liebenhof\/","title":{"rendered":"Garten-Konzerte"},"content":{"rendered":"\n<p>Liebenhof 12<br \/>15345 Garzau-Garzin OT Liebenhof<\/p>\n<p>*******************************************<\/p>\n<p>BENEFIZ 2024<\/p>\n<p>In diesem Jahr werden wir aus famili\u00e4ren Gr\u00fcnden kein Benefiz-Konzert am ersten August-Wochenende veranstalten. Trotzdem werden wir benefizen und zwar die gesamte Sommersaison \u00fcber: Wir sammeln &#8211; was wir schon seit Beginn der letzten Hausschuh-Konzerte gemacht haben &#8211; f\u00fcr ein besonderes Herzenprojekt:<\/p>\n<p>Unsere Kollegin und Freundin Monika Herold (Kontra- und E-Bass, Keyboard) aus Weimar hat den Verein CRECOCO (CREATIVE CONNECTION FOR COMMUNITIES E.V.) gegr\u00fcndet, der in Kibera, einem der gr\u00f6\u00dften Slums der Welt, in Nairobi, der Hauptstadt von Kenia aktiv ist. Der Verein sorgt aus der Ferne und vor Ort f\u00fcr viele, sonst chancenlose Kinder und Jugendliche, f\u00fcr eine musikalische Ausbildung, kostenlose Musikkurse mit einer Mahlzeit, Klein-Stipendien, soziale Einbindung, Arztvisiten, Abschl\u00fcsse als Musiklehrer und und und &#8230;. \u00fcber <a href=\"http:\/\/www.crecoco.org\">www.crecoco.org<\/a> gibts viele Infos, auch wie man sich einbringen und helfen kann. <br \/>Wir werden jedenfalls w\u00e4hrend der ganzen Garten-Konzert-Saison sammeln und f\u00fcr weitere Hilfe trommeln: <br \/>F\u00fcr Applaus statt Gewalt, Kreativit\u00e4t statt Kriminalit\u00e4t, f\u00fcr Selbsterfahrung und k\u00fcnstlerischen Ausdruck statt Drogenmi\u00dfbrauch. SPENDE APPLAUS!<\/p>\n<p>*******************************************<\/p>\n<p>Zu Pfingsten, am 04.06.2022, starten wir in die neue Saison unserer Garten-Konzerte. Soweit es das Wetter erlaubt, werden sie auf der Freilichtb\u00fchne stattfinden, deshalb bitte auf kleinere Wetterkapriolen einstellen. Sollte anhaltender, starker Regen zu erwarten sein, gehen wir ins Zelt (mit zwei zus\u00e4tzlichen Pavillons), in dem dann von vornherein die Technik aufgebaut wird. Ein Technikumbau nach Einla\u00df ist nicht m\u00f6glich.\u00a0<br \/>Die Zuschauerzahl pro Veranstaltung ist auf 100 Leute begrenzt, da die Regenvariante nicht mehr zul\u00e4\u00dft und wir uns au\u00dferdem den gewohnten, intimen Konzertcharakter erhalten wollen. <br \/>Aus diesen Gr\u00fcnden bitte unbedingt vorbestellen.<\/p>\n<p>\u00a0<\/p>\n\n\n<p><strong>ab Juli 2021<\/strong>\u00a0&#8211; <strong>B\u00fchne<\/strong> Nummer <strong>3<\/strong> im SINNESWANDEL &#8211; eine <strong>FREILICHTB\u00dcHNE<\/strong> &#8211; nicht wirklich so geplant, aber ohne sie k\u00f6nnten wir mit unseren &#8222;Kuschelb\u00fchnen&#8220; gar nicht arbeiten. Die NEUE pa\u00dft perfekt in unseren Garten und unser Publikum hat sich bei den Konzerten sichtlich wohlgef\u00fchlt.<\/p>\n<p>*************************************************<br \/><em>Unser herzlichster Dank geht an die Sparkasse MOL, <\/em><em>die die nicht verwendeten Zuwendungen f\u00fcr die Winterkonzerte nicht zur\u00fcckgefordert hat.<\/em><\/p>\n<p><em><img data-recalc-dims=\"1\" loading=\"lazy\" decoding=\"async\" class=\"wp-image-1279 alignnone\" src=\"https:\/\/i0.wp.com\/www.scarlett-o.de\/sinneswandel\/wp-content\/uploads\/2020\/09\/SMOL_SC_I000_RW_1C_-trimmed-300x103.jpg?resize=219%2C75\" alt=\"Sparkasse M\u00e4rkisch-Oderland\" width=\"219\" height=\"75\" vspace=\"5\" srcset=\"https:\/\/i0.wp.com\/www.scarlett-o.de\/sinneswandel\/wp-content\/uploads\/2020\/09\/SMOL_SC_I000_RW_1C_-trimmed.jpg?resize=300%2C103&amp;ssl=1 300w, https:\/\/i0.wp.com\/www.scarlett-o.de\/sinneswandel\/wp-content\/uploads\/2020\/09\/SMOL_SC_I000_RW_1C_-trimmed.jpg?resize=200%2C69&amp;ssl=1 200w, https:\/\/i0.wp.com\/www.scarlett-o.de\/sinneswandel\/wp-content\/uploads\/2020\/09\/SMOL_SC_I000_RW_1C_-trimmed.jpg?resize=350%2C120&amp;ssl=1 350w, https:\/\/i0.wp.com\/www.scarlett-o.de\/sinneswandel\/wp-content\/uploads\/2020\/09\/SMOL_SC_I000_RW_1C_-trimmed.jpg?w=359&amp;ssl=1 359w\" sizes=\"auto, (max-width: 219px) 100vw, 219px\" \/><\/em><\/p>\n<p><em>Diese finanziellen Mittel haben uns den Kauf des f\u00fcr die B\u00fchne ben\u00f6tigten Materials und somit das Veranstalten der Konzerte unter Coronabedingungen erm\u00f6glicht.<\/em><\/p>\n<p><em>Vielen, vielen Dank!!!<br \/><\/em>*************************************************<\/p>\n<p>Im Juli starten wir unsere 2021er Reihe SINNESWANDEL KULTUR im WEG \u2013 Garten-Konzerte (Juli-Termine siehe &#8222;Veranstaltungen&#8220;), die bis Ende August gehen wird. Die August-Termine ver\u00f6ffentlichen wir demn\u00e4chst.<\/p>\n<p>Alle Veranstaltungen finden <strong>ausschlie\u00dflich unter freiem Himmel<\/strong> und auf Abstand statt. Wir empfehlen, warme Kleidung, Regenschutz oder auch eine Decke mitzubringen.<\/p>\n<p>Wir haben diverse B\u00e4nke und St\u00fchle im Garten verteilt. Auf einem kleinen Hang zwischen B\u00fchne und Terrasse kann sich, wer m\u00f6chte, direkt auf dem Rasen platzieren &#8211; bitte Unterlage mitbringen, da passen dann etwa 20 Leute hin. Bei den Pl\u00e4tzen auf vorhandenen B\u00e4nken und St\u00fchlen im Garten, auf dem gepflasterten kleinen Sitzplatz und der Terrasse (\u00fcberdacht, f\u00fcr Leute, denen wir die Wiese nicht zumuten k\u00f6nnen und die auch sonst nicht gut zu Fu\u00df sind) kommen wir ca. auf 45. Da das nicht ganz ausreichen wird, bitten wir darum, wer hat, den einen oder anderen Klappstuhl mitzubringen. Das k\u00f6nnen wir dann beim Vorbestellen &#8211; unbedingt n\u00f6tig!! &#8211; absprechen.<\/p>\n<p>**********<\/p>\n<p><strong>Aktualisierung !!<\/strong><br \/><strong>Corona-Umgangsverordnung vom 16.06.2021:<\/strong><\/p>\n<p>Es besteht <strong>keine Testpflicht<\/strong> mehr (au\u00dfer bei auff\u00e4lligen Anzeichen, wie starkes Niesen etc.) und im <strong>Au\u00dfenbereich<\/strong> m\u00fcssen <strong>keine Masken<\/strong> mehr getragen werden.<br \/>Die restlichen Regeln vom 11. Mai (siehe unten) gelten weiterhin.<\/p>\n<p>**********<\/p>\n<p><strong>Regeln f\u00fcr die SINNESWANDEL-GARTEN-KONZERTE entsprechend der Eind\u00e4mmungsverordnung vom 11. Mai 2021, Stand: 19. Mai 2021<\/strong><\/p>\n<p>Schlagworte: <strong>geimpft, genesen oder getestet<\/strong>, jeweils mit <strong>Nachweis<\/strong>. Also bitte einen Impfnachweis oder einen aktuellen Testnachweis mitbringen. In Ausnahmef\u00e4llen kann auch hier <strong>vor Ort<\/strong> (unter Anleitung einer Krankenschwester, die wann immer sie es einrichten kann, zu den Konzerten hier sein wird) <strong>getestet werden<\/strong>, entweder mit einem <strong>mitgebrachten Selbsttest oder mit einem bei uns gekauften<\/strong>. In letzterem Fall bitten wir unbedingt beim Vorbestellen um eine Info, damit wir zeitig gen\u00fcgend Tests besorgen k\u00f6nnen.<\/p>\n<p>Bitte <strong>nicht zur Veranstaltung kommen<\/strong> und m\u00f6glichst absagen, wenn <strong>Krankheitszeichen<\/strong> auftreten, die auf eine Infektion mit dem Coronavirus hindeuten k\u00f6nnen.<\/p>\n<p><strong>Einlass<\/strong> beginnt wie immer <strong>eine Stunde vor der Veranstaltung<\/strong>. Bitte Schlangenbildung vermeiden bzw. auf die <strong>Mindestabst\u00e4nde<\/strong> achten.<\/p>\n<p>Bitte zum Bezahlen des Eintrittspreises in <strong>angemessenem Abstand zur Kasse<\/strong> treten.<\/p>\n<p>Auf dem Gel\u00e4nde sind die \u00fcblichen <strong>Abstands- und Maskenregeln<\/strong> zu beachten. Auf den eingenommenen Pl\u00e4tzen w\u00e4hrend des Konzerts mu\u00df keine Mund-Nasen-Bedeckung getragen werden.<\/p>\n<p>****************************************<\/p>\n<p>****************************************<\/p>\n<p><strong>Januar 2021 &#8211; CORONA und kein Ende <\/strong><\/p>\n<p>Gerade haben wir alle SINNESWANDEL-Winterkonzerte\u00a0 geerdet und sehen jetzt voller Elan und Hoffnung in die nahe Zukunft. Da zu vermuten ist, da\u00df es auch in diesem Sommer noch nichts mit Kuschel-Veranstaltungen in umschlossenen R\u00e4umen wird, wir also wieder unsere gem\u00fctliche Weidendomzeltb\u00fchne nicht werden nutzen k\u00f6nnen, haben wir Neues in petto:<br \/>Wir g\u00f6nnen uns eine <strong>dritte<\/strong> <strong>B\u00fchne<\/strong>, eine <strong>f\u00fcr Freilicht-Konzerte<\/strong>. Das Vorhaben ist klar, das meiste Material vor Ort. Sowie es das Wetter erlaubt, geht&#8217;s los mit der Bauerei.<\/p>\n<p><em>***\u00a0\u00a0 ***\u00a0\u00a0 ***\u00a0\u00a0 ***\u00a0\u00a0 ***<\/em><br \/><em>An dieser Stelle sei <strong>herzlichst der SPARKASSE MOL gedankt<\/strong>, die ihr Sponsoring f\u00fcr die nun nicht stattfindenden Winter-Konzerte nicht zur\u00fcckgefordert, sondern die Mittel kurzerhand und umstandslos zur Unterst\u00fctzung des B\u00fchnenbaus und der kommenden Sommer-Konzerte umgewidmet hat. <img data-recalc-dims=\"1\" loading=\"lazy\" decoding=\"async\" class=\"size-medium wp-image-1279 aligncenter\" src=\"https:\/\/i0.wp.com\/www.scarlett-o.de\/sinneswandel\/wp-content\/uploads\/2020\/09\/SMOL_SC_I000_RW_1C_-trimmed-300x103.jpg?resize=300%2C103\" alt=\"Sparkasse M\u00e4rkisch-Oderland\" width=\"300\" height=\"103\" vspace=\"5\" srcset=\"https:\/\/i0.wp.com\/www.scarlett-o.de\/sinneswandel\/wp-content\/uploads\/2020\/09\/SMOL_SC_I000_RW_1C_-trimmed.jpg?resize=300%2C103&amp;ssl=1 300w, https:\/\/i0.wp.com\/www.scarlett-o.de\/sinneswandel\/wp-content\/uploads\/2020\/09\/SMOL_SC_I000_RW_1C_-trimmed.jpg?resize=200%2C69&amp;ssl=1 200w, https:\/\/i0.wp.com\/www.scarlett-o.de\/sinneswandel\/wp-content\/uploads\/2020\/09\/SMOL_SC_I000_RW_1C_-trimmed.jpg?resize=350%2C120&amp;ssl=1 350w, https:\/\/i0.wp.com\/www.scarlett-o.de\/sinneswandel\/wp-content\/uploads\/2020\/09\/SMOL_SC_I000_RW_1C_-trimmed.jpg?w=359&amp;ssl=1 359w\" sizes=\"auto, (max-width: 300px) 100vw, 300px\" \/>***\u00a0\u00a0 ***\u00a0\u00a0 ***\u00a0\u00a0 ***\u00a0\u00a0 ***<\/em><br \/>Wir gehen davon aus, da\u00df wir <strong>Ende Mai das erste Freilicht-Konzert<\/strong> im SINNESWANDEL-Garten spielen k\u00f6nnen. Wann welches Konzert \u00fcber den Sommer stattfinden wird, steht dann sp\u00e4testens Ende M\u00e4rz unter Veranstaltungen.<\/p>\n<p>***********************************************************************<\/p>\n<p>Sommer 2016 &#8211; <strong>B\u00fchne<\/strong> Nummer <strong>2<\/strong> im SINNESWANDEL &#8211; diesmal im Garten &#8211; im Weidendom<\/p>\n<p>Zugegeben, Dom ist<em> noch<\/em> ein wenig hochgegriffen, aber er gibt sich M\u00fche beim Wachsen, zumal anfangs weder als Weidenkreis oder gar als geschlossen gr\u00fcnes B\u00fchnendach geplant.<br \/>Urspr\u00fcnglich sollten die im Halbkreis gesteckten Weidenst\u00f6ckchen ein lebender Zaun werden. Aber sie trieben so kr\u00e4ftig in die H\u00f6he, da\u00df sie sich quasi selbst als Kuppel anboten. Und da wir gerade \u00fcber einen guten B\u00fchnenplatz im Garten nachdachten, war der Entschlu\u00df schnell gefa\u00dft: Der Kreis wird vollendet und das Bl\u00e4tterdach schlie\u00dft sich dann eben je nach L\u00e4nge der \u00c4ste St\u00fcck f\u00fcr St\u00fcck.<\/p>\n<p>Naja, das war der Plan &#8211; die Weiden wollten dann doch anders &#8230;<br \/>Also, 2017 im Fr\u00fchjahr alles nochmal auf Anfang, Weiden runter, neu gesteckt mit Rankhilfen, die erst einmal den Sonnen- und Regenschutz halten (siehe Fotos), bis das irgendwann die Pflanzen \u00fcbernehmen k\u00f6nnen.<br \/>Nach dem sehr feuchten Sommer 2017 sieht es mit dem gleichm\u00e4\u00dfigen Wuchs sehr gut aus.<\/p>\n<p>Die Konzerte im Garten waren sowohl 2016 als auch 2017 wunder- und stimmungsvoll, haben uns und dem Publikum gro\u00dfen Spa\u00df gemacht, und wir freuen uns auf die n\u00e4chste Saison.<\/p>\n<p>Der Garten ist zwar sehr gro\u00df, doch die Sitzpl\u00e4tze im Weidendom selbst sind im wahrsten Sinne des Wortes begrenzt, so sollte m\u00f6glichst vorbestellt werden, telefonisch oder <a href=\"http:\/\/www.scarlett-o.de\/sinneswandel\/vorbestellungen\/\">per mail<\/a> \u2013 besten Dank daf\u00fcr.<\/p>\n<p>Unser Dorf ist mit 12 bewohnten H\u00e4usern nicht nur winzig, sondern dank entsprechend geringer Anzahl von (Hoppel-)Stra\u00dfenlaternen, von denen nicht immer alle funktionieren, zu nachtschlafender Zeit auch besonders dunkel. Der Fachmann spricht von geringer Lichtverschmutzung und baut sich kurzerhand eine <strong>Sternwarte<\/strong>. Und mit ebendieser &#8211; keine 200 m von uns entfernt &#8211; haben wir f\u00fcr unsere sommerlichen Garten-Konzerte eine <strong>besondere Vereinbarung<\/strong>:<br \/>Wenn es das Wetter und nat\u00fcrlich die Anwesenheit des Sternwartenwartes erlauben, darf unser Publikum im Anschlu\u00df an die Konzerte dort unter fachlicher Anleitung und Erkl\u00e4rungen die Sternenkostellationen am Nachthimmel erforschen. Sternwartenwart <strong>Peter Eichelkraut<\/strong> zum jeweiligen Zeitraum unserer Garten-Konzerte: <em>&#8222;&#8230; sind Beobachtungen m\u00f6glich, gute Zeit f\u00fcr Sternschnuppen, Planetenbeobachtungen logischerweise nur bei klarem Wetter m\u00f6glich, warm anziehen, ca. 1-2 Stunden, gegen eine kleine Geb\u00fchr zum weiteren Erhalt der Sternwarte.<\/em><em>&#8222;<\/em><br \/>Dazu die Bitte des <strong>telefonischen Voranmeldens<\/strong>: 033433 57179 oder 0157 37870077 .<\/p>","protected":false},"excerpt":{"rendered":"<p>Liebenhof 1215345 Garzau-Garzin OT Liebenhof ******************************************* BENEFIZ 2024 In diesem Jahr werden wir aus famili\u00e4ren Gr\u00fcnden kein Benefiz-Konzert am ersten August-Wochenende veranstalten. Trotzdem werden wir benefizen und zwar die gesamte &hellip; <a href=\"https:\/\/www.scarlett-o.de\/sinneswandel\/garten-konzerte-im-weidendom-mit-anschliessendem-sternegucken-in-der-sternwarte-liebenhof\/\" class=\"more-link\"><span class=\"screen-reader-text\">Garten-Konzerte<\/span> weiterlesen<\/a><\/p>\n","protected":false},"author":1,"featured_media":0,"parent":0,"menu_order":0,"comment_status":"closed","ping_status":"closed","template":"","meta":{"jetpack_post_was_ever_published":false,"footnotes":""},"class_list":["post-342","page","type-page","status-publish","hentry"],"jetpack_shortlink":"https:\/\/wp.me\/P7bAW9-5w","jetpack_sharing_enabled":true,"_links":{"self":[{"href":"https:\/\/www.scarlett-o.de\/sinneswandel\/wp-json\/wp\/v2\/pages\/342","targetHints":{"allow":["GET"]}}],"collection":[{"href":"https:\/\/www.scarlett-o.de\/sinneswandel\/wp-json\/wp\/v2\/pages"}],"about":[{"href":"https:\/\/www.scarlett-o.de\/sinneswandel\/wp-json\/wp\/v2\/types\/page"}],"author":[{"embeddable":true,"href":"https:\/\/www.scarlett-o.de\/sinneswandel\/wp-json\/wp\/v2\/users\/1"}],"replies":[{"embeddable":true,"href":"https:\/\/www.scarlett-o.de\/sinneswandel\/wp-json\/wp\/v2\/comments?post=342"}],"version-history":[{"count":31,"href":"https:\/\/www.scarlett-o.de\/sinneswandel\/wp-json\/wp\/v2\/pages\/342\/revisions"}],"predecessor-version":[{"id":2253,"href":"https:\/\/www.scarlett-o.de\/sinneswandel\/wp-json\/wp\/v2\/pages\/342\/revisions\/2253"}],"wp:attachment":[{"href":"https:\/\/www.scarlett-o.de\/sinneswandel\/wp-json\/wp\/v2\/media?parent=342"}],"curies":[{"name":"wp","href":"https:\/\/api.w.org\/{rel}","templated":true}]}}