{"id":293,"date":"2016-02-10T18:40:38","date_gmt":"2016-02-10T17:40:38","guid":{"rendered":"http:\/\/www.scarlett-o.de\/sinneswandel\/?page_id=293"},"modified":"2025-01-23T13:40:29","modified_gmt":"2025-01-23T12:40:29","slug":"bub","status":"publish","type":"page","link":"https:\/\/www.scarlett-o.de\/sinneswandel\/bub\/","title":{"rendered":"kulturNACHBARN"},"content":{"rendered":"<p>Links zu Freunden, Partnern, Einrichtungen in unserer Umgebung<\/p>\n<p>Ausruhen * Erholen * Essen * Trinken * Genie\u00dfen * \u00dcbernachten<br \/>\nund nat\u00fcrlich Kultur<\/p>\n<p>Buckow:<br \/>\n<a href=\"https:\/\/hotel-maerkische-schweiz.de\/\"><strong><span style=\"font-size: large;\">Hotel M\u00e4rkische Schweiz<\/span><\/strong><\/a><br \/>\n<a href=\"http:\/\/www.strandhotel-buckow.de\" target=\"_blank\" rel=\"noopener noreferrer\"><strong>Strandhotel Buckow &#8211; Jens Wandel &#8211; Umwelthotel<br \/>\n<\/strong><\/a><strong><a href=\"https:\/\/www.amt-maerkische-schweiz.de\/tourismus\/\" target=\"_blank\" rel=\"noopener noreferrer\">Touristinformation M\u00e4rkische Schweiz<\/a><\/strong><br \/>\n<strong><a href=\"http:\/\/www.theateruntendrunter.de\/\" target=\"_blank\" rel=\"noopener noreferrer\">THEATERuntendrunter<br \/>\n<\/a><\/strong><strong><a href=\"http:\/\/www.brechtweigelhaus.de\/\" target=\"_blank\" rel=\"noopener noreferrer\">Brecht-Weigel-Haus Buckow<\/a><\/strong><strong><span style=\"font-size: large;\"><br \/>\n<a href=\"https:\/\/moseserlebbar.eatbu.com\/\">MOSES Caf\u00e9 Bistro Vinothek UG<\/a>\u00a0\u00a0\u00a0<\/span><\/strong><\/p>\n<div dir=\"ltr\">\n<div><\/div>\n<p>Rehfelde:<br \/>\n<a href=\"http:\/\/www.galerie-bauernfluch.de\/\" target=\"_blank\" rel=\"noopener noreferrer\"><strong>Galerie Bauernfluch<\/strong><\/a><br \/>\n<a href=\"http:\/\/www.die-bahnw\u00e4rter.de\/\"><strong>Die Bahnw\u00e4rter<\/strong><\/a><\/p>\n<p>Liebenhof:<br \/>\n<strong>Sternwarte &#8211; <\/strong>hat z. Zt. keine Website, ist f\u00fcr Vorbestellungen aber telefonisch zu erreichen: 033433 57179 oder 0157 37870077<\/p>\n<p>Waldsieversdorf:<br \/>\n<strong><a href=\"http:\/\/www.cafe-tilia.de\/\" target=\"_blank\" rel=\"noopener noreferrer\">Cafe Tilia<\/a><\/strong><\/p>\n<p>Dahmsdorf:<br \/>\n<strong><a href=\"http:\/\/www.norikerhof-dahmsdorf.de\">Norikerhof Dahmsdorf<\/a><\/strong><br \/>\n<a href=\"http:\/\/www.dahmsdorfer-kirche.de\/foerderverein\/\"><strong>F\u00f6rderverein Dahmsdorfer Kirche<\/strong><\/a><\/p>\n<p>Julianenhof:<br \/>\n<a href=\"http:\/\/www.fledermausmuseum-julianenhof.de\/index.html\"><strong>Fledermausmuseum<\/strong><\/a><\/p>\n<p>Ihlow:<br \/>\n<a href=\"http:\/\/www.biohof-ihlow.de\"><strong>Biohof-Ihlow<\/strong><\/a><\/p>\n<p>Bergsch\u00e4ferei:<br \/>\n<strong><a href=\"http:\/\/bergschaeferei.de\/\" target=\"_blank\" rel=\"noopener noreferrer\">BioKelterei<\/a>\u00a0\u00a0\u00a0 <\/strong><\/p>\n<p>Eventkalender und Infos \u00fcber noch mehr Kultur in der Region:<br \/>\n<strong><a href=\"http:\/\/www.strausberg-live.de\">Strausberg live<\/a><\/strong><\/p>\n<p><i><span style=\"font-family: Arial;\"><br \/>\n<\/span><b><\/b><\/i><\/p>\n<\/div>\n","protected":false},"excerpt":{"rendered":"<p>Links zu Freunden, Partnern, Einrichtungen in unserer Umgebung Ausruhen * Erholen * Essen * Trinken * Genie\u00dfen * \u00dcbernachten und nat\u00fcrlich Kultur Buckow: Hotel M\u00e4rkische Schweiz Strandhotel Buckow &#8211; Jens &hellip; <a href=\"https:\/\/www.scarlett-o.de\/sinneswandel\/bub\/\" class=\"more-link\"><span class=\"screen-reader-text\">kulturNACHBARN<\/span> weiterlesen<\/a><\/p>\n","protected":false},"author":1,"featured_media":0,"parent":0,"menu_order":0,"comment_status":"closed","ping_status":"closed","template":"","meta":{"jetpack_post_was_ever_published":false,"footnotes":""},"class_list":["post-293","page","type-page","status-publish","hentry"],"jetpack_shortlink":"https:\/\/wp.me\/P7bAW9-4J","jetpack_sharing_enabled":true,"_links":{"self":[{"href":"https:\/\/www.scarlett-o.de\/sinneswandel\/wp-json\/wp\/v2\/pages\/293","targetHints":{"allow":["GET"]}}],"collection":[{"href":"https:\/\/www.scarlett-o.de\/sinneswandel\/wp-json\/wp\/v2\/pages"}],"about":[{"href":"https:\/\/www.scarlett-o.de\/sinneswandel\/wp-json\/wp\/v2\/types\/page"}],"author":[{"embeddable":true,"href":"https:\/\/www.scarlett-o.de\/sinneswandel\/wp-json\/wp\/v2\/users\/1"}],"replies":[{"embeddable":true,"href":"https:\/\/www.scarlett-o.de\/sinneswandel\/wp-json\/wp\/v2\/comments?post=293"}],"version-history":[{"count":31,"href":"https:\/\/www.scarlett-o.de\/sinneswandel\/wp-json\/wp\/v2\/pages\/293\/revisions"}],"predecessor-version":[{"id":2313,"href":"https:\/\/www.scarlett-o.de\/sinneswandel\/wp-json\/wp\/v2\/pages\/293\/revisions\/2313"}],"wp:attachment":[{"href":"https:\/\/www.scarlett-o.de\/sinneswandel\/wp-json\/wp\/v2\/media?parent=293"}],"curies":[{"name":"wp","href":"https:\/\/api.w.org\/{rel}","templated":true}]}}