{"id":234,"date":"2016-01-29T08:51:57","date_gmt":"2016-01-29T07:51:57","guid":{"rendered":"http:\/\/www.scarlett-o.de\/sinneswandel\/?page_id=234"},"modified":"2021-02-23T07:47:12","modified_gmt":"2021-02-23T06:47:12","slug":"234-2","status":"publish","type":"page","link":"https:\/\/www.scarlett-o.de\/sinneswandel\/234-2\/","title":{"rendered":"Impressum"},"content":{"rendered":"<p>Scarlett O&#8216; und J\u00fcrgen Ehle<br \/>\n15345 Garzau-Garzin<br \/>\nLiebenhof 12<\/p>\n<p>Die domains bettundbroetchen.de, electrocadero.eu und electrocadero.com &#8222;zeigen&#8220; auf: http:\/\/www.scarlett-o.de\/sinneswandel\/<br \/>\nbzw. auf: http:\/\/www.scarlett-o.de\/sinneswandel\/electrocadero\/<\/p>\n<p><b>Datenschutzerkl\u00e4rung f\u00fcr die o.g. domains<\/b><\/p>\n<div align=\"justify\">Wir erheben, verwenden und speichern Ihre personenbezogenen Daten ausschlie\u00dflich im Rahmen der Bestimmungen des Bundesdatenschutzgesetzes der Bundesrepublik Deutschland. Nachfolgend unterrichten wir Sie \u00fcber Art, Umfang und Zweck der Datenerhebung und Verwendung.<br \/>\n<b>Erhebung und Verarbeitung von Daten<\/b><\/p>\n<div align=\"justify\">Jeder Zugriff auf unsere Internetseite und jeder Abruf einer auf dieser Website hinterlegten Datei werden protokolliert. Die Speicherung dient internen systembezogenen und statistischen Zwecken. Protokolliert werden: Name der abgerufenen Datei, Datum und Uhrzeit des Abrufs, \u00fcbertragene Datenmenge, Meldung \u00fcber erfolgreichen Abruf, Webbrowser und anfragende Domain. Zus\u00e4tzlich werden die IP Adressen der anfragenden Rechner protokolliert. Weitergehende personenbezogene Daten werden nur erfasst, wenn der Nutzer der Website und\/oder Kunde Angaben freiwillig, etwa im Rahmen einer Anfrage oder Registrierung oder zum Abschluss eines Vertrages oder \u00fcber die Einstellungen seines Browsers t\u00e4tigt.<\/p>\n<p>Unsere Internetseite verwendet Cookies. Ein Cookie ist eine Textdatei, die beim Besuch einer Internetseite verschickt und auf der Festplatte des Nutzer der Website und\/oder Kunden zwischengespeichert wird. Wird der entsprechende Server unserer Webseite erneut vom Nutzer der Website und\/oder Kunden aufgerufen, sendet der Browser des Nutzers der Website und\/oder des Kunden den zuvor empfangenen Cookie wieder zur\u00fcck an den Server. Der Server kann dann die durch diese Prozedur erhaltenen Informationen auf verschiedene Arten auswerten. Durch Cookies k\u00f6nnen z. B. Werbeeinblendungen gesteuert oder das Navigieren auf einer Internetseite erleichtert werden. Wenn der Nutzer der Website und\/oder Kunde die Nutzung von Cookies unterbinden will, kann er dies durch lokale Vornahme der \u00c4nderungen seiner Einstellungen in dem auf seinem Computer verwendeten Internetbrowser, also dem Programm zum \u00d6ffnen und Anzeigen von Internetseiten (z.B. Internet Explorer, Mozilla Firefox, Opera oder Safari) tun.<\/p><\/div>\n<div align=\"justify\"><\/div>\n<p><b>Nutzung und Weitergabe personenbezogener Daten<\/b><\/p>\n<div align=\"justify\">Soweit der Nutzer unserer Webseite personenbezogene Daten zur Verf\u00fcgung gestellt hat, verwenden wir diese nur zur Beantwortung von Anfragen des Nutzers der Website und\/oder Kunden, zur Abwicklung mit dem Nutzer der Website und\/oder Kunden geschlossener Vertr\u00e4ge und f\u00fcr die technische Administration. Personenbezogene Daten werden von uns an Dritte nur weitergegeben oder sonst \u00fcbermittelt, wenn dies zum Zwecke der Vertragsabwicklung oder zu Abrechnungszwecken erforderlich ist oder der Nutzer der Website und\/oder Kunde zuvor eingewilligt hat. Der Nutzer der Website und\/oder Kunde hat das Recht, eine erteilte Einwilligung mit Wirkung f\u00fcr die Zukunft jederzeit zu widerrufen.<\/div>\n<div align=\"justify\">Die L\u00f6schung der gespeicherten personenbezogenen Daten erfolgt, wenn der Nutzer der Website und\/oder Kunde die Einwilligung zur Speicherung widerruft, wenn ihre Kenntnis zur Erf\u00fcllung des mit der Speicherung verfolgten Zwecks nicht mehr erforderlich ist oder wenn ihre Speicherung aus sonstigen gesetzlichen Gr\u00fcnden unzul\u00e4ssig ist. Daten f\u00fcr Abrechnungszwecke und buchhalterische Zwecke werden von einem L\u00f6schungsverlangen nicht ber\u00fchrt. Wird zwischen Ihnen und uns ein Vertragsverh\u00e4ltnis begr\u00fcndet, welches inhaltlich ausgestaltet oder ge\u00e4ndert werden soll, erheben und verwenden wir personenbezogene Daten von Ihnen, soweit dies zu diesen Zwecken erforderlich ist.<\/p>\n<p>Auf Anordnung der zust\u00e4ndigen Stellen d\u00fcrfen wir im Einzelfall Auskunft \u00fcber diese Daten (Bestandsdaten) erteilen, soweit dies f\u00fcr Zwecke der Strafverfolgung, zur Gefahrenabwehr, zur Erf\u00fcllung der gesetzlichen Aufgaben der Verfassungsschutzbeh\u00f6rden oder des Milit\u00e4rischen Abschirmdienstes oder zur Durchsetzung der Rechte am geistigen Eigentum erforderlich ist.<\/p><\/div>\n<p><b>Auskunftsrecht<\/b><\/p>\n<div align=\"justify\">Auf schriftliche Anfrage informieren wir den Nutzer der Website und\/oder den Kunden \u00fcber die zu seiner Person gespeicherten Daten. Die Anfrage ist an unsere im Impressum der Webseite angegebene Adresse zu richten.<\/p>\n<\/div>\n<p><i>Quelle: <a href=\"http:\/\/www.itrecht-hannover.de?\">IT Recht Hannover | Rechtsanwalt E. Strohmeyer<\/a><\/i><\/p>\n<\/div>\n<div class=\"woocommerce woocommerce-gzd woocommerce-gzd-complaints-shortcode\">\n\t\t\t<h3>Alternative Streitbeilegung gem\u00e4\u00df Art. 14 Abs. 1 ODR-VO und \u00a7 36 VSBG:<\/h3>\n\t\n<\/div>\n","protected":false},"excerpt":{"rendered":"<p>Scarlett O&#8216; und J\u00fcrgen Ehle 15345 Garzau-Garzin Liebenhof 12 Die domains bettundbroetchen.de, electrocadero.eu und electrocadero.com &#8222;zeigen&#8220; auf: http:\/\/www.scarlett-o.de\/sinneswandel\/ bzw. auf: http:\/\/www.scarlett-o.de\/sinneswandel\/electrocadero\/ Datenschutzerkl\u00e4rung f\u00fcr die o.g. domains Wir erheben, verwenden und &hellip; <a href=\"https:\/\/www.scarlett-o.de\/sinneswandel\/234-2\/\" class=\"more-link\"><span class=\"screen-reader-text\">Impressum<\/span> weiterlesen<\/a><\/p>\n","protected":false},"author":2,"featured_media":0,"parent":0,"menu_order":0,"comment_status":"closed","ping_status":"closed","template":"","meta":{"jetpack_post_was_ever_published":false,"footnotes":""},"class_list":["post-234","page","type-page","status-publish","hentry"],"jetpack_shortlink":"https:\/\/wp.me\/P7bAW9-3M","jetpack_sharing_enabled":true,"_links":{"self":[{"href":"https:\/\/www.scarlett-o.de\/sinneswandel\/wp-json\/wp\/v2\/pages\/234","targetHints":{"allow":["GET"]}}],"collection":[{"href":"https:\/\/www.scarlett-o.de\/sinneswandel\/wp-json\/wp\/v2\/pages"}],"about":[{"href":"https:\/\/www.scarlett-o.de\/sinneswandel\/wp-json\/wp\/v2\/types\/page"}],"author":[{"embeddable":true,"href":"https:\/\/www.scarlett-o.de\/sinneswandel\/wp-json\/wp\/v2\/users\/2"}],"replies":[{"embeddable":true,"href":"https:\/\/www.scarlett-o.de\/sinneswandel\/wp-json\/wp\/v2\/comments?post=234"}],"version-history":[{"count":8,"href":"https:\/\/www.scarlett-o.de\/sinneswandel\/wp-json\/wp\/v2\/pages\/234\/revisions"}],"predecessor-version":[{"id":1451,"href":"https:\/\/www.scarlett-o.de\/sinneswandel\/wp-json\/wp\/v2\/pages\/234\/revisions\/1451"}],"wp:attachment":[{"href":"https:\/\/www.scarlett-o.de\/sinneswandel\/wp-json\/wp\/v2\/media?parent=234"}],"curies":[{"name":"wp","href":"https:\/\/api.w.org\/{rel}","templated":true}]}}