{"id":134,"date":"2016-01-26T16:42:54","date_gmt":"2016-01-26T15:42:54","guid":{"rendered":"http:\/\/www.scarlett-o.de\/sinneswandel\/?page_id=134"},"modified":"2023-05-10T08:59:53","modified_gmt":"2023-05-10T06:59:53","slug":"anfahrt-und-parken","status":"publish","type":"page","link":"https:\/\/www.scarlett-o.de\/sinneswandel\/anfahrt-und-parken\/","title":{"rendered":"Anfahrt und Parken"},"content":{"rendered":"<p><style type=\"text\/css\">\n<!--\n.image {border:4px solid #1b6b6f; padding:0px;}\n--><br \/>\n<\/style><br \/><strong>SINNESWANDEL<\/strong><br \/>Liebenhof 12<br \/>15345 Garzau-Garzin OT Liebenhof<\/p>\n<p>Anfahrt:<\/p>\n<p>Bitte nicht von den Schildern irritieren lassen. Wir sind jetzt zwar komplett Fahrradstra\u00dfe (30 kmh!!!), aber unser Publikum z\u00e4hlt zu den Anliegern, die diese benutzen d\u00fcrfen.<br \/>Aus Richtung Rehfelde \u00fcber Garzau, Garzin &#8211; Kopfsteinpflasterstra\u00dfe mit Radwegen auf beiden Seiten f\u00fchrt zum Ziel &#8211;<br \/>oder aus Richtung M\u00fcncheberg \u00fcber Waldsieversdorf, gr\u00fcnes Schild nach links Richtung Bergsch\u00e4ferei in den Wald abbiegen, immer auf der neuen Fahrradstra\u00dfe (Asphalt) bleiben, gleich links am Ortseingang LIEBENHOF ist der SINNESWANDEL.<\/p>\n<p>PARKEN bitte in der Ortsmitte an der alten Bushaltestelle (ca. 150m Fu\u00dfweg bis zu uns). Bitte nicht irgendwo vor den H\u00e4usern parken, wir wollen den Frieden mit den Nachbarn erhalten. Da wir nur noch die Bushaltestelle zur Verf\u00fcgung haben, sollte so eng wie m\u00f6glich in zwei Reihen geparkt werden. Wir rechnen mit den Parkk\u00fcnsten unseres Publikums. Wir versuchen, so oft es geht, jemanden zum Einweisen am Parkplatz zu haben, aber ihr kriegt das auch so hin.<br \/>F\u00fcr unsere \u00e4ltesten und gehbehinderten Publik\u00fcmmer haben wir Parkpl\u00e4tze direkt am Haus. Bedarf bitte schon bei der Bestellung mit angeben.<\/p>\n\n\n<p><a href=\"https:\/\/i0.wp.com\/www.scarlett-o.de\/sinneswandel\/wp-content\/uploads\/2022\/07\/SWParken_1240.jpg?ssl=1\" target=\"blank\" rel=\"noopener\"><img data-recalc-dims=\"1\" loading=\"lazy\" decoding=\"async\" class=\"image\" src=\"https:\/\/i0.wp.com\/www.scarlett-o.de\/sinneswandel\/wp-content\/uploads\/2022\/07\/SWParken_660.jpg?resize=660%2C467&#038;ssl=1\" alt=\"\" width=\"660\" height=\"467\"><\/a><\/p>\n","protected":false},"excerpt":{"rendered":"<p>SINNESWANDELLiebenhof 1215345 Garzau-Garzin OT Liebenhof Anfahrt: Bitte nicht von den Schildern irritieren lassen. Wir sind jetzt zwar komplett Fahrradstra\u00dfe (30 kmh!!!), aber unser Publikum z\u00e4hlt zu den Anliegern, die diese &hellip; <a href=\"https:\/\/www.scarlett-o.de\/sinneswandel\/anfahrt-und-parken\/\" class=\"more-link\"><span class=\"screen-reader-text\">Anfahrt und Parken<\/span> weiterlesen<\/a><\/p>\n","protected":false},"author":1,"featured_media":0,"parent":0,"menu_order":0,"comment_status":"closed","ping_status":"closed","template":"","meta":{"jetpack_post_was_ever_published":false,"footnotes":""},"class_list":["post-134","page","type-page","status-publish","hentry"],"jetpack_shortlink":"https:\/\/wp.me\/P7bAW9-2a","jetpack_sharing_enabled":true,"_links":{"self":[{"href":"https:\/\/www.scarlett-o.de\/sinneswandel\/wp-json\/wp\/v2\/pages\/134","targetHints":{"allow":["GET"]}}],"collection":[{"href":"https:\/\/www.scarlett-o.de\/sinneswandel\/wp-json\/wp\/v2\/pages"}],"about":[{"href":"https:\/\/www.scarlett-o.de\/sinneswandel\/wp-json\/wp\/v2\/types\/page"}],"author":[{"embeddable":true,"href":"https:\/\/www.scarlett-o.de\/sinneswandel\/wp-json\/wp\/v2\/users\/1"}],"replies":[{"embeddable":true,"href":"https:\/\/www.scarlett-o.de\/sinneswandel\/wp-json\/wp\/v2\/comments?post=134"}],"version-history":[{"count":11,"href":"https:\/\/www.scarlett-o.de\/sinneswandel\/wp-json\/wp\/v2\/pages\/134\/revisions"}],"predecessor-version":[{"id":2013,"href":"https:\/\/www.scarlett-o.de\/sinneswandel\/wp-json\/wp\/v2\/pages\/134\/revisions\/2013"}],"wp:attachment":[{"href":"https:\/\/www.scarlett-o.de\/sinneswandel\/wp-json\/wp\/v2\/media?parent=134"}],"curies":[{"name":"wp","href":"https:\/\/api.w.org\/{rel}","templated":true}]}}